{"id":166,"date":"2011-05-10T22:52:43","date_gmt":"2011-05-10T22:52:43","guid":{"rendered":"http:\/\/markus-philipp.com\/?page_id=166"},"modified":"2020-08-17T14:40:29","modified_gmt":"2020-08-17T14:40:29","slug":"sport","status":"publish","type":"page","link":"http:\/\/markus-philipp.com\/?page_id=166","title":{"rendered":"Sport"},"content":{"rendered":"\n<figure class=\"wp-block-image size-large is-resized\"><img decoding=\"async\" src=\"http:\/\/markus-philipp.com\/wp-content\/uploads\/2020\/08\/Moderation-Womens-Run-2008-4-1024x683.jpg\" alt=\"\" class=\"wp-image-2131\" width=\"500\" srcset=\"http:\/\/markus-philipp.com\/wp-content\/uploads\/2020\/08\/Moderation-Womens-Run-2008-4-1024x683.jpg 1024w, http:\/\/markus-philipp.com\/wp-content\/uploads\/2020\/08\/Moderation-Womens-Run-2008-4-300x200.jpg 300w, http:\/\/markus-philipp.com\/wp-content\/uploads\/2020\/08\/Moderation-Womens-Run-2008-4-768x512.jpg 768w, http:\/\/markus-philipp.com\/wp-content\/uploads\/2020\/08\/Moderation-Womens-Run-2008-4-1536x1024.jpg 1536w, http:\/\/markus-philipp.com\/wp-content\/uploads\/2020\/08\/Moderation-Womens-Run-2008-4-2048x1365.jpg 2048w, http:\/\/markus-philipp.com\/wp-content\/uploads\/2020\/08\/Moderation-Womens-Run-2008-4-950x633.jpg 950w\" sizes=\"(max-width: 1024px) 100vw, 1024px\" \/><\/figure>\n\n\n<p>Frankfurt-Marathon<\/p>\n<p>Ironman-Europameisterschaften Frankfurt<\/p>\n<p>25 km von Berlin<\/p>\n<p>Sportgala Frankfurt<\/p>\n<p>Mannheim-Marathon<\/p>\n<p>Deutsche Hochschulmeisterschaften Leichtathletik<\/p>\n<p>Deutscher Cross-Cup Pforzheim &amp; Darmstadt<\/p>\n<p>Hammerwurf-Meeting Fr\u00e4nkisch-Crumbach<\/p>\n<p>Main-Lauf-Cup<\/p>\n<p>Triathlon Ingolstadt<\/p>\n<p>Deutsche Duathlon-Meisterschaften Oberursel<\/p>\n<p>Deutsche Stra\u00dfenlauf-Meisterschaften Halbmarathon Griesheim<\/p>\n<p>Darmstadt-Marathon<\/p>\n<p>Heinerman-Triathlon Darmstadt<\/p>\n<p>Hohenlohe-Marathon Niedernhall<\/p>\n<p>Hallenmasters f\u00fcr A-Jugendfu\u00dfballer in Mulfingen bei Heilbronn<\/p>\n<p>Darmst\u00e4dter Stadtlauf<\/p>\n<p>entega Sommer Biathlon Lorsch<\/p>\n<p>Sommerfest Eintracht Frankfurt<\/p>","protected":false},"excerpt":{"rendered":"<p>Frankfurt-Marathon Ironman-Europameisterschaften Frankfurt 25 km von Berlin Sportgala Frankfurt Mannheim-Marathon Deutsche Hochschulmeisterschaften Leichtathletik Deutscher Cross-Cup Pforzheim &amp; Darmstadt Hammerwurf-Meeting Fr\u00e4nkisch-Crumbach Main-Lauf-Cup Triathlon Ingolstadt Deutsche Duathlon-Meisterschaften Oberursel Deutsche Stra\u00dfenlauf-Meisterschaften Halbmarathon Griesheim Darmstadt-Marathon Heinerman-Triathlon Darmstadt Hohenlohe-Marathon Niedernhall Hallenmasters f\u00fcr A-Jugendfu\u00dfballer in Mulfingen bei Heilbronn Darmst\u00e4dter Stadtlauf entega Sommer Biathlon Lorsch Sommerfest Eintracht Frankfurt<\/p>\n","protected":false},"author":2,"featured_media":167,"parent":0,"menu_order":0,"comment_status":"closed","ping_status":"closed","template":"","meta":{"footnotes":""},"class_list":["post-166","page","type-page","status-publish","has-post-thumbnail","hentry"],"_links":{"self":[{"href":"http:\/\/markus-philipp.com\/index.php?rest_route=\/wp\/v2\/pages\/166","targetHints":{"allow":["GET"]}}],"collection":[{"href":"http:\/\/markus-philipp.com\/index.php?rest_route=\/wp\/v2\/pages"}],"about":[{"href":"http:\/\/markus-philipp.com\/index.php?rest_route=\/wp\/v2\/types\/page"}],"author":[{"embeddable":true,"href":"http:\/\/markus-philipp.com\/index.php?rest_route=\/wp\/v2\/users\/2"}],"replies":[{"embeddable":true,"href":"http:\/\/markus-philipp.com\/index.php?rest_route=%2Fwp%2Fv2%2Fcomments&post=166"}],"version-history":[{"count":18,"href":"http:\/\/markus-philipp.com\/index.php?rest_route=\/wp\/v2\/pages\/166\/revisions"}],"predecessor-version":[{"id":2152,"href":"http:\/\/markus-philipp.com\/index.php?rest_route=\/wp\/v2\/pages\/166\/revisions\/2152"}],"wp:featuredmedia":[{"embeddable":true,"href":"http:\/\/markus-philipp.com\/index.php?rest_route=\/wp\/v2\/media\/167"}],"wp:attachment":[{"href":"http:\/\/markus-philipp.com\/index.php?rest_route=%2Fwp%2Fv2%2Fmedia&parent=166"}],"curies":[{"name":"wp","href":"https:\/\/api.w.org\/{rel}","templated":true}]}}