{"id":32,"date":"2011-05-05T23:47:57","date_gmt":"2011-05-05T23:47:57","guid":{"rendered":"http:\/\/markus-philipp.com\/?page_id=32"},"modified":"2023-10-12T13:16:50","modified_gmt":"2023-10-12T13:16:50","slug":"tv-moderator","status":"publish","type":"page","link":"http:\/\/markus-philipp.com\/?page_id=32","title":{"rendered":"TV"},"content":{"rendered":"\r\n<figure class=\"wp-block-image size-medium\"><img loading=\"lazy\" decoding=\"async\" class=\"wp-image-2693  alignleft\" src=\"http:\/\/markus-philipp.com\/wp-content\/uploads\/2023\/10\/AQ2I3068-scaled-e1697116571130.jpg\" alt=\"\" width=\"350\" height=\"299\" srcset=\"http:\/\/markus-philipp.com\/wp-content\/uploads\/2023\/10\/AQ2I3068-scaled-e1697116571130.jpg 2001w, http:\/\/markus-philipp.com\/wp-content\/uploads\/2023\/10\/AQ2I3068-scaled-e1697116571130-300x256.jpg 300w, http:\/\/markus-philipp.com\/wp-content\/uploads\/2023\/10\/AQ2I3068-scaled-e1697116571130-1024x873.jpg 1024w, http:\/\/markus-philipp.com\/wp-content\/uploads\/2023\/10\/AQ2I3068-scaled-e1697116571130-768x655.jpg 768w, http:\/\/markus-philipp.com\/wp-content\/uploads\/2023\/10\/AQ2I3068-scaled-e1697116571130-1536x1310.jpg 1536w, http:\/\/markus-philipp.com\/wp-content\/uploads\/2023\/10\/AQ2I3068-scaled-e1697116571130-950x810.jpg 950w\" sizes=\"auto, (max-width: 350px) 100vw, 350px\" \/><\/figure>\r\n\r\n<p><em>seit 2018<\/em><\/p>\r\n<p><strong>ARD<\/strong><\/p>\r\n<ul>\r\n<li>&#8222;Sportschau Bundesliga&#8220; sonntags in allen Dritten Programmen<\/li>\r\n<\/ul>\r\n<p><em>2015<\/em><\/p>\r\n<p><strong>ARD<\/strong><\/p>\r\n<ul>\r\n<li>&#8222;Tagesschau&#8220;-Expertenschalte zum DFB-Skandal<\/li>\r\n<\/ul>\r\n<p><em>2014<\/em><\/p>\r\n<p><strong>ARD<\/strong><\/p>\r\n<ul>\r\n<li>Moderation &#8222;Sportschau live&#8220; von der St\u00e4dtek\u00fcr f\u00fcr die Olympiabewerbung<\/li>\r\n<\/ul>\r\n<p><em>\u00a0<\/em><\/p>\r\n<p><strong>hr fernsehen<br \/><\/strong><\/p>\r\n<ul>\r\n<li>Kommentar &#8222;heimspiel! extra live&#8220; beim Ironman Frankfurt<\/li>\r\n<\/ul>\r\n<p><em>2012<\/em><\/p>\r\n<p><strong>ARD<\/strong><\/p>\r\n<ul>\r\n<li>Moderation &#8222;Sportschau live&#8220; vom Hamburg-Triathlon<\/li>\r\n<\/ul>\r\n<p><em>2011<\/em><\/p>\r\n<p><strong>ARD<\/strong><\/p>\r\n<ul>\r\n<li>Reporter bei der FIFA Frauen-Fu\u00dfball-WM 2011<\/li>\r\n<\/ul>\r\n<ul>\r\n<li>Lockvogel bei &#8222;Verstehen Sie Spa\u00df?&#8220; f\u00fcr Deutschlands Fu\u00dfballerin der Jahres, Fatmire Bajramaj<\/li>\r\n<\/ul>\r\n<p><em>seit 2009<\/em><\/p>\r\n<p><strong>hr fernsehen<br \/><\/strong><\/p>\r\n<ul>\r\n<li>Moderation der Sendungen \u201eheimspiel!&#8220;, &#8222;heimspiel Bundesliga&#8220;, &#8222;heimspiel! am Samstag&#8220; und &#8222;heimspiel! extra\u201c<\/li>\r\n<\/ul>\r\n<ul>\r\n<li>VIP-Interviews, Reportagen und Beitr\u00e4ge f\u00fcr die Sendungen \u201eheimspiel!\u201c und &#8222;hessenschau&#8220;<\/li>\r\n<\/ul>\r\n<p><em>von 2003 bis 2007<\/em><\/p>\r\n<p><strong>Rhein-Main-TV<\/strong><\/p>\r\n<ul>\r\n<li>Moderation der Sendungen \u201eDas Thema\u201c, \u201eDas Thema pers\u00f6nlich\u201c, &#8222;Rund um den Airport&#8220; und &#8222;Sportarena&#8220;<\/li>\r\n<\/ul>","protected":false},"excerpt":{"rendered":"<p>seit 2018 ARD &#8222;Sportschau Bundesliga&#8220; sonntags in allen Dritten Programmen 2015 ARD &#8222;Tagesschau&#8220;-Expertenschalte zum DFB-Skandal 2014 ARD Moderation &#8222;Sportschau live&#8220; von der St\u00e4dtek\u00fcr f\u00fcr die Olympiabewerbung \u00a0 hr fernsehen Kommentar &#8222;heimspiel! extra live&#8220; beim Ironman Frankfurt 2012 ARD Moderation &#8222;Sportschau live&#8220; vom Hamburg-Triathlon 2011 ARD Reporter bei der FIFA Frauen-Fu\u00dfball-WM 2011 Lockvogel bei &#8222;Verstehen Sie [&hellip;]<\/p>\n","protected":false},"author":2,"featured_media":157,"parent":0,"menu_order":0,"comment_status":"closed","ping_status":"closed","template":"","meta":{"footnotes":""},"class_list":["post-32","page","type-page","status-publish","has-post-thumbnail","hentry"],"_links":{"self":[{"href":"http:\/\/markus-philipp.com\/index.php?rest_route=\/wp\/v2\/pages\/32","targetHints":{"allow":["GET"]}}],"collection":[{"href":"http:\/\/markus-philipp.com\/index.php?rest_route=\/wp\/v2\/pages"}],"about":[{"href":"http:\/\/markus-philipp.com\/index.php?rest_route=\/wp\/v2\/types\/page"}],"author":[{"embeddable":true,"href":"http:\/\/markus-philipp.com\/index.php?rest_route=\/wp\/v2\/users\/2"}],"replies":[{"embeddable":true,"href":"http:\/\/markus-philipp.com\/index.php?rest_route=%2Fwp%2Fv2%2Fcomments&post=32"}],"version-history":[{"count":41,"href":"http:\/\/markus-philipp.com\/index.php?rest_route=\/wp\/v2\/pages\/32\/revisions"}],"predecessor-version":[{"id":2698,"href":"http:\/\/markus-philipp.com\/index.php?rest_route=\/wp\/v2\/pages\/32\/revisions\/2698"}],"wp:featuredmedia":[{"embeddable":true,"href":"http:\/\/markus-philipp.com\/index.php?rest_route=\/wp\/v2\/media\/157"}],"wp:attachment":[{"href":"http:\/\/markus-philipp.com\/index.php?rest_route=%2Fwp%2Fv2%2Fmedia&parent=32"}],"curies":[{"name":"wp","href":"https:\/\/api.w.org\/{rel}","templated":true}]}}