{"id":62,"date":"2011-05-06T01:01:50","date_gmt":"2011-05-06T01:01:50","guid":{"rendered":"http:\/\/markus-philipp.com\/?page_id=62"},"modified":"2024-03-06T16:07:21","modified_gmt":"2024-03-06T16:07:21","slug":"referenzen","status":"publish","type":"page","link":"http:\/\/markus-philipp.com\/?page_id=62","title":{"rendered":"Referenzen"},"content":{"rendered":"<p><img loading=\"lazy\" decoding=\"async\" class=\"alignleft size-full wp-image-44\" title=\"Referenzen\" src=\"http:\/\/markus-philipp.com\/wp-content\/uploads\/2011\/05\/Header_03.jpg\" alt=\"\" width=\"570\" height=\"255\" \/><\/p>\n<p>&nbsp;<\/p>\n<p>&nbsp;<\/p>\n<p>&nbsp;<\/p>\n<p>&nbsp;<\/p>\n<p>&nbsp;<\/p>\n<p>&nbsp;<\/p>\n<p>&nbsp;<\/p>\n<p>&nbsp;<\/p>\n<p>Auf diesen Unterseiten finden Sie einige Informationen dar\u00fcber, f\u00fcr wen Markus Philipp in der Vergangenheit bereits gearbeitet hat.<\/p>\n<p>Sie k\u00f6nnen w\u00e4hlen zwischen<\/p>\n<ul>\n<li><a title=\"TV-Moderationen\" href=\"http:\/\/markus-philipp.com\/?page_id=32\">\u2192TV<\/a><\/li>\n<li><a title=\"Wirtschaft\" href=\"http:\/\/markus-philipp.com\/?page_id=162\">\u2192Wirtschaft<\/a><\/li>\n<li><a title=\"Sport\" href=\"http:\/\/markus-philipp.com\/?page_id=166\">\u2192Sport<\/a><\/li>\n<li><a title=\"Veranstaltungen\" href=\"http:\/\/markus-philipp.com\/?page_id=19\">\u2192Veranstaltungen<\/a><\/li>\n<\/ul>\n","protected":false},"excerpt":{"rendered":"<p>&nbsp; &nbsp; &nbsp; &nbsp; &nbsp; &nbsp; &nbsp; &nbsp; Auf diesen Unterseiten finden Sie einige Informationen dar\u00fcber, f\u00fcr wen Markus Philipp in der Vergangenheit bereits gearbeitet hat. Sie k\u00f6nnen w\u00e4hlen zwischen \u2192TV \u2192Wirtschaft \u2192Sport \u2192Veranstaltungen<\/p>\n","protected":false},"author":2,"featured_media":0,"parent":0,"menu_order":0,"comment_status":"closed","ping_status":"closed","template":"","meta":{"footnotes":""},"class_list":["post-62","page","type-page","status-publish","hentry"],"_links":{"self":[{"href":"http:\/\/markus-philipp.com\/index.php?rest_route=\/wp\/v2\/pages\/62","targetHints":{"allow":["GET"]}}],"collection":[{"href":"http:\/\/markus-philipp.com\/index.php?rest_route=\/wp\/v2\/pages"}],"about":[{"href":"http:\/\/markus-philipp.com\/index.php?rest_route=\/wp\/v2\/types\/page"}],"author":[{"embeddable":true,"href":"http:\/\/markus-philipp.com\/index.php?rest_route=\/wp\/v2\/users\/2"}],"replies":[{"embeddable":true,"href":"http:\/\/markus-philipp.com\/index.php?rest_route=%2Fwp%2Fv2%2Fcomments&post=62"}],"version-history":[{"count":17,"href":"http:\/\/markus-philipp.com\/index.php?rest_route=\/wp\/v2\/pages\/62\/revisions"}],"predecessor-version":[{"id":2778,"href":"http:\/\/markus-philipp.com\/index.php?rest_route=\/wp\/v2\/pages\/62\/revisions\/2778"}],"wp:attachment":[{"href":"http:\/\/markus-philipp.com\/index.php?rest_route=%2Fwp%2Fv2%2Fmedia&parent=62"}],"curies":[{"name":"wp","href":"https:\/\/api.w.org\/{rel}","templated":true}]}}